{"id":159,"date":"2021-09-22T03:07:50","date_gmt":"2021-09-22T03:07:50","guid":{"rendered":"https:\/\/www.klinikartibir.com\/en\/?page_id=159"},"modified":"2023-08-25T04:23:47","modified_gmt":"2023-08-25T04:23:47","slug":"dt-mert-gerek","status":"publish","type":"page","link":"https:\/\/www.klinikartibir.com\/en\/dt-mert-gerek\/","title":{"rendered":"Dt. Mert Gerek"},"content":{"rendered":"\t\t<div data-elementor-type=\"wp-page\" data-elementor-id=\"159\" class=\"elementor elementor-159\" data-elementor-post-type=\"page\">\n\t\t\t\t\t\t<section class=\"elementor-section elementor-top-section elementor-element elementor-element-103b9ecc elementor-section-boxed elementor-section-height-default elementor-section-height-default\" data-id=\"103b9ecc\" data-element_type=\"section\" data-settings=\"{&quot;background_background&quot;:&quot;classic&quot;}\">\n\t\t\t\t\t\t\t<div class=\"elementor-background-overlay\"><\/div>\n\t\t\t\t\t\t\t<div class=\"elementor-container elementor-column-gap-default\">\n\t\t\t\t\t<div class=\"elementor-column elementor-col-50 elementor-top-column elementor-element elementor-element-2e776b4f\" data-id=\"2e776b4f\" data-element_type=\"column\">\n\t\t\t<div class=\"elementor-widget-wrap elementor-element-populated\">\n\t\t\t\t\t\t<div class=\"elementor-element elementor-element-5dfdb427 elementor-widget elementor-widget-heading\" data-id=\"5dfdb427\" data-element_type=\"widget\" data-widget_type=\"heading.default\">\n\t\t\t\t<div class=\"elementor-widget-container\">\n\t\t\t\t\t<h1 class=\"elementor-heading-title elementor-size-default\">Dt. Mert Gerek<\/h1>\t\t\t\t<\/div>\n\t\t\t\t<\/div>\n\t\t\t\t<div class=\"elementor-element elementor-element-4e568660 elementor-widget elementor-widget-heading\" data-id=\"4e568660\" data-element_type=\"widget\" data-widget_type=\"heading.default\">\n\t\t\t\t<div class=\"elementor-widget-container\">\n\t\t\t\t\t<h2 class=\"elementor-heading-title elementor-size-default\">Aesthetic Dentist\n<\/h2>\t\t\t\t<\/div>\n\t\t\t\t<\/div>\n\t\t\t\t\t<\/div>\n\t\t<\/div>\n\t\t\t\t<div class=\"elementor-column elementor-col-50 elementor-top-column elementor-element elementor-element-ad2066f\" data-id=\"ad2066f\" data-element_type=\"column\">\n\t\t\t<div class=\"elementor-widget-wrap elementor-element-populated\">\n\t\t\t\t\t\t<div class=\"elementor-element elementor-element-359a8d31 elementor-widget elementor-widget-image\" data-id=\"359a8d31\" data-element_type=\"widget\" data-widget_type=\"image.default\">\n\t\t\t\t<div class=\"elementor-widget-container\">\n\t\t\t\t\t\t\t\t\t\t\t\t\t\t\t<img decoding=\"async\" width=\"124\" height=\"73\" src=\"https:\/\/www.klinikartibir.com\/en\/wp-content\/uploads\/2021\/09\/logo.png\" class=\"attachment-large size-large wp-image-50\" alt=\"\" \/>\t\t\t\t\t\t\t\t\t\t\t\t\t\t\t<\/div>\n\t\t\t\t<\/div>\n\t\t\t\t\t<\/div>\n\t\t<\/div>\n\t\t\t\t\t<\/div>\n\t\t<\/section>\n\t\t\t\t<section class=\"elementor-section elementor-top-section elementor-element elementor-element-16316b56 elementor-section-boxed elementor-section-height-default elementor-section-height-default\" data-id=\"16316b56\" data-element_type=\"section\">\n\t\t\t\t\t\t<div class=\"elementor-container elementor-column-gap-default\">\n\t\t\t\t\t<div class=\"elementor-column elementor-col-50 elementor-top-column elementor-element elementor-element-559075d1\" data-id=\"559075d1\" data-element_type=\"column\">\n\t\t\t<div class=\"elementor-widget-wrap elementor-element-populated\">\n\t\t\t\t\t\t<div class=\"elementor-element elementor-element-5ad41ea9 elementor-widget elementor-widget-image\" data-id=\"5ad41ea9\" data-element_type=\"widget\" data-widget_type=\"image.default\">\n\t\t\t\t<div class=\"elementor-widget-container\">\n\t\t\t\t\t\t\t\t\t\t\t\t\t\t\t<img fetchpriority=\"high\" decoding=\"async\" width=\"800\" height=\"600\" src=\"https:\/\/www.klinikartibir.com\/en\/wp-content\/uploads\/2021\/09\/artibir-klinik.png\" class=\"attachment-large size-large wp-image-20\" alt=\"\" srcset=\"https:\/\/www.klinikartibir.com\/en\/wp-content\/uploads\/2021\/09\/artibir-klinik.png 800w, https:\/\/www.klinikartibir.com\/en\/wp-content\/uploads\/2021\/09\/artibir-klinik-300x225.png 300w, https:\/\/www.klinikartibir.com\/en\/wp-content\/uploads\/2021\/09\/artibir-klinik-768x576.png 768w\" sizes=\"(max-width: 800px) 100vw, 800px\" \/>\t\t\t\t\t\t\t\t\t\t\t\t\t\t\t<\/div>\n\t\t\t\t<\/div>\n\t\t\t\t<div class=\"elementor-element elementor-element-97c5d7a elementor-widget elementor-widget-heading\" data-id=\"97c5d7a\" data-element_type=\"widget\" data-widget_type=\"heading.default\">\n\t\t\t\t<div class=\"elementor-widget-container\">\n\t\t\t\t\t<h2 class=\"elementor-heading-title elementor-size-default\">Our team\n<\/h2>\t\t\t\t<\/div>\n\t\t\t\t<\/div>\n\t\t\t\t<div class=\"elementor-element elementor-element-2605764e elementor-icon-list--layout-traditional elementor-list-item-link-full_width elementor-widget elementor-widget-icon-list\" data-id=\"2605764e\" data-element_type=\"widget\" data-widget_type=\"icon-list.default\">\n\t\t\t\t<div class=\"elementor-widget-container\">\n\t\t\t\t\t\t\t<ul class=\"elementor-icon-list-items\">\n\t\t\t\t\t\t\t<li class=\"elementor-icon-list-item\">\n\t\t\t\t\t\t\t\t\t\t\t<a href=\"https:\/\/www.klinikartibir.com\/en\/furkan-engin-general-coordinator\/\">\n\n\t\t\t\t\t\t\t\t\t\t\t<span class=\"elementor-icon-list-text\">Furkan ENG\u0130N General Coordinator<\/span>\n\t\t\t\t\t\t\t\t\t\t\t<\/a>\n\t\t\t\t\t\t\t\t\t<\/li>\n\t\t\t\t\t\t\t\t<li class=\"elementor-icon-list-item\">\n\t\t\t\t\t\t\t\t\t\t\t<a href=\"https:\/\/www.klinikartibir.com\/en\/dr-dt-zehra-mutlu\/\">\n\n\t\t\t\t\t\t\t\t\t\t\t<span class=\"elementor-icon-list-text\">Dr. Dt. Zehra Mutlu<\/span>\n\t\t\t\t\t\t\t\t\t\t\t<\/a>\n\t\t\t\t\t\t\t\t\t<\/li>\n\t\t\t\t\t\t\t\t<li class=\"elementor-icon-list-item\">\n\t\t\t\t\t\t\t\t\t\t\t<a href=\"https:\/\/www.klinikartibir.com\/en\/dr-dt-servet-akyildiz\/\">\n\n\t\t\t\t\t\t\t\t\t\t\t<span class=\"elementor-icon-list-text\">Dr. Dt. Servet AKYILDIZ<\/span>\n\t\t\t\t\t\t\t\t\t\t\t<\/a>\n\t\t\t\t\t\t\t\t\t<\/li>\n\t\t\t\t\t\t\t\t<li class=\"elementor-icon-list-item\">\n\t\t\t\t\t\t\t\t\t\t\t<a href=\"https:\/\/www.klinikartibir.com\/en\/dr-dt-jerina-gulec\/\">\n\n\t\t\t\t\t\t\t\t\t\t\t<span class=\"elementor-icon-list-text\">Dr. Dt. Jerina G\u00dcLE\u00c7<\/span>\n\t\t\t\t\t\t\t\t\t\t\t<\/a>\n\t\t\t\t\t\t\t\t\t<\/li>\n\t\t\t\t\t\t\t\t<li class=\"elementor-icon-list-item\">\n\t\t\t\t\t\t\t\t\t\t\t<a href=\"https:\/\/www.klinikartibir.com\/en\/dt-mert-gerek\/\">\n\n\t\t\t\t\t\t\t\t\t\t\t<span class=\"elementor-icon-list-text\">Dt. Mert GEREK<\/span>\n\t\t\t\t\t\t\t\t\t\t\t<\/a>\n\t\t\t\t\t\t\t\t\t<\/li>\n\t\t\t\t\t\t\t\t<li class=\"elementor-icon-list-item\">\n\t\t\t\t\t\t\t\t\t\t\t<a href=\"https:\/\/www.klinikartibir.com\/en\/dr-dt-esra-yamaner\/\">\n\n\t\t\t\t\t\t\t\t\t\t\t<span class=\"elementor-icon-list-text\">Dr. Dt. Esra YAMANER<\/span>\n\t\t\t\t\t\t\t\t\t\t\t<\/a>\n\t\t\t\t\t\t\t\t\t<\/li>\n\t\t\t\t\t\t<\/ul>\n\t\t\t\t\t\t<\/div>\n\t\t\t\t<\/div>\n\t\t\t\t\t<\/div>\n\t\t<\/div>\n\t\t\t\t<div class=\"elementor-column elementor-col-50 elementor-top-column elementor-element elementor-element-7eeb8e19\" data-id=\"7eeb8e19\" data-element_type=\"column\">\n\t\t\t<div class=\"elementor-widget-wrap elementor-element-populated\">\n\t\t\t\t\t\t<div class=\"elementor-element elementor-element-41a688fd elementor-widget elementor-widget-image\" data-id=\"41a688fd\" data-element_type=\"widget\" data-widget_type=\"image.default\">\n\t\t\t\t<div class=\"elementor-widget-container\">\n\t\t\t\t\t\t\t\t\t\t\t\t\t\t\t<img decoding=\"async\" width=\"800\" height=\"450\" src=\"https:\/\/www.klinikartibir.com\/en\/wp-content\/uploads\/2023\/08\/dt.-mert-gerek-1024x576.webp\" class=\"attachment-large size-large wp-image-4217\" alt=\"\" srcset=\"https:\/\/www.klinikartibir.com\/en\/wp-content\/uploads\/2023\/08\/dt.-mert-gerek-1024x576.webp 1024w, https:\/\/www.klinikartibir.com\/en\/wp-content\/uploads\/2023\/08\/dt.-mert-gerek-300x169.webp 300w, https:\/\/www.klinikartibir.com\/en\/wp-content\/uploads\/2023\/08\/dt.-mert-gerek-768x432.webp 768w, https:\/\/www.klinikartibir.com\/en\/wp-content\/uploads\/2023\/08\/dt.-mert-gerek-1536x864.webp 1536w, https:\/\/www.klinikartibir.com\/en\/wp-content\/uploads\/2023\/08\/dt.-mert-gerek-2048x1152.webp 2048w\" sizes=\"(max-width: 800px) 100vw, 800px\" \/>\t\t\t\t\t\t\t\t\t\t\t\t\t\t\t<\/div>\n\t\t\t\t<\/div>\n\t\t\t\t<div class=\"elementor-element elementor-element-6ae525eb elementor-widget elementor-widget-text-editor\" data-id=\"6ae525eb\" data-element_type=\"widget\" data-widget_type=\"text-editor.default\">\n\t\t\t\t<div class=\"elementor-widget-container\">\n\t\t\t\t\t\t\t\t\t<p><iframe title=\"Dt.Mert GEREK - Cosmetic Dentist\" width=\"800\" height=\"450\" src=\"https:\/\/www.youtube.com\/embed\/8nlQ4WQKH5o?feature=oembed\" frameborder=\"0\" allow=\"accelerometer; autoplay; clipboard-write; encrypted-media; gyroscope; picture-in-picture\" allowfullscreen><\/iframe><\/p><p>Dt. Mert was born in Istanbul. He completed his secondary education as salutatorian at private Mev College Izmir science high school.<\/p><p>He started his University education with full scholarship at University of Yeditepe Faculty of Dentistry. He completed his University education in 2017 and has started to practice his profession. Dt. Mert has an advanced level of English.<\/p><p><strong>Attended National and International Congresses and Seminars<\/strong><\/p><p>\u2022 55th European Dental Student Association (EDSA) Congress, Istanbul, Turkey, 2015 (Organization Committee Member)<br \/>\u2022 Yeditepe University 3rd International 5th National Student Research Days, 2016<br \/>\u2022 57th European Dental Student Association (EDSA) Congress, Coimbra, Portugal, 2016<br \/>\u2022 20th International Congress of Aesthetic Dentistry EDAD, 2016<br \/>\u2022 Greatist Dentistry Congress, 2016<br \/>\u2022 Yeditepe University 4th International 6th National Student Research Days, 2017<br \/>\u2022 3rd Young EDAD Clinic Days Seminar, 2017<\/p><p><strong>Trainings\/Certificates Received<\/strong><\/p><p>\u2022 Laser Applications in Dentistry Training Certificate (G\u00fcney Di\u015f \u2013 G\u00fcney Academy)<br \/>\u2022 One-Shape Ni-Ti Rotary Instrument System Usage Certificate in Root Canal Shaping (G\u00fcney Di\u015f \u2013 G\u00fcney Akademi)<br \/>\u2022 Bioactive Material Applications Course in Endodontics \u2013 Biodentine (Septodont)<br \/>\u2022 Cerec CAD\/CAM Training \u2013 Sirona<br \/>\u2022 Diode Laser Applications in Dentistry (G\u00fcney Akademi)<br \/>\u2022 Basic Life Support Training (Yeditepe University Faculty of Dentistry)<br \/>\u2022 Turkish Dental Association Academy Oral Implantology Course, 2017<br \/>\u2022 Sweden &amp; Martina Continuing Dental Education, Bone Shaping, Regeneration &amp; Reconstruction, Due Carrera (PD), 2018<\/p>\t\t\t\t\t\t\t\t<\/div>\n\t\t\t\t<\/div>\n\t\t\t\t\t<\/div>\n\t\t<\/div>\n\t\t\t\t\t<\/div>\n\t\t<\/section>\n\t\t\t\t<\/div>\n\t\t","protected":false},"excerpt":{"rendered":"<p>Dt. Mert Gerek Aesthetic Dentist Our team Furkan ENG\u0130N General Coordinator Dr. Dt. Zehra Mutlu Dr. Dt. Servet AKYILDIZ Dr. Dt. Jerina G\u00dcLE\u00c7 Dt. Mert GEREK Dr. Dt. Esra YAMANER Dt. Mert was born in Istanbul. He completed his secondary education as salutatorian at private Mev College Izmir science high school. He started his University [&hellip;]<\/p>\n","protected":false},"author":1,"featured_media":0,"parent":0,"menu_order":0,"comment_status":"closed","ping_status":"closed","template":"elementor_header_footer","meta":{"_joinchat":[],"footnotes":""},"class_list":["post-159","page","type-page","status-publish","hentry"],"_links":{"self":[{"href":"https:\/\/www.klinikartibir.com\/en\/wp-json\/wp\/v2\/pages\/159","targetHints":{"allow":["GET"]}}],"collection":[{"href":"https:\/\/www.klinikartibir.com\/en\/wp-json\/wp\/v2\/pages"}],"about":[{"href":"https:\/\/www.klinikartibir.com\/en\/wp-json\/wp\/v2\/types\/page"}],"author":[{"embeddable":true,"href":"https:\/\/www.klinikartibir.com\/en\/wp-json\/wp\/v2\/users\/1"}],"replies":[{"embeddable":true,"href":"https:\/\/www.klinikartibir.com\/en\/wp-json\/wp\/v2\/comments?post=159"}],"version-history":[{"count":6,"href":"https:\/\/www.klinikartibir.com\/en\/wp-json\/wp\/v2\/pages\/159\/revisions"}],"predecessor-version":[{"id":4220,"href":"https:\/\/www.klinikartibir.com\/en\/wp-json\/wp\/v2\/pages\/159\/revisions\/4220"}],"wp:attachment":[{"href":"https:\/\/www.klinikartibir.com\/en\/wp-json\/wp\/v2\/media?parent=159"}],"curies":[{"name":"wp","href":"https:\/\/api.w.org\/{rel}","templated":true}]}}