{"id":142,"date":"2021-09-22T03:05:02","date_gmt":"2021-09-22T03:05:02","guid":{"rendered":"https:\/\/www.klinikartibir.com\/en\/?page_id=142"},"modified":"2022-11-25T13:17:29","modified_gmt":"2022-11-25T13:17:29","slug":"dr-dt-esra-yamaner","status":"publish","type":"page","link":"https:\/\/www.klinikartibir.com\/en\/dr-dt-esra-yamaner\/","title":{"rendered":"Dr. Dt. Esra Yamaner"},"content":{"rendered":"\t\t<div data-elementor-type=\"wp-page\" data-elementor-id=\"142\" class=\"elementor elementor-142\" data-elementor-post-type=\"page\">\n\t\t\t\t\t\t<section class=\"elementor-section elementor-top-section elementor-element elementor-element-59143247 elementor-section-boxed elementor-section-height-default elementor-section-height-default\" data-id=\"59143247\" data-element_type=\"section\" data-settings=\"{&quot;background_background&quot;:&quot;classic&quot;}\">\n\t\t\t\t\t\t\t<div class=\"elementor-background-overlay\"><\/div>\n\t\t\t\t\t\t\t<div class=\"elementor-container elementor-column-gap-default\">\n\t\t\t\t\t<div class=\"elementor-column elementor-col-50 elementor-top-column elementor-element elementor-element-579c3a46\" data-id=\"579c3a46\" data-element_type=\"column\">\n\t\t\t<div class=\"elementor-widget-wrap elementor-element-populated\">\n\t\t\t\t\t\t<div class=\"elementor-element elementor-element-7471cfb6 elementor-widget elementor-widget-heading\" data-id=\"7471cfb6\" data-element_type=\"widget\" data-widget_type=\"heading.default\">\n\t\t\t\t<div class=\"elementor-widget-container\">\n\t\t\t\t\t<h1 class=\"elementor-heading-title elementor-size-default\">Dr. Dt. Esra Yamaner<\/h1>\t\t\t\t<\/div>\n\t\t\t\t<\/div>\n\t\t\t\t<div class=\"elementor-element elementor-element-79497189 elementor-widget elementor-widget-heading\" data-id=\"79497189\" data-element_type=\"widget\" data-widget_type=\"heading.default\">\n\t\t\t\t<div class=\"elementor-widget-container\">\n\t\t\t\t\t<h2 class=\"elementor-heading-title elementor-size-default\">Aesthetic Dentist (Prosthesis Specialist)\n<\/h2>\t\t\t\t<\/div>\n\t\t\t\t<\/div>\n\t\t\t\t\t<\/div>\n\t\t<\/div>\n\t\t\t\t<div class=\"elementor-column elementor-col-50 elementor-top-column elementor-element elementor-element-75aa02fd\" data-id=\"75aa02fd\" data-element_type=\"column\">\n\t\t\t<div class=\"elementor-widget-wrap elementor-element-populated\">\n\t\t\t\t\t\t<div class=\"elementor-element elementor-element-492c8192 elementor-widget elementor-widget-image\" data-id=\"492c8192\" data-element_type=\"widget\" data-widget_type=\"image.default\">\n\t\t\t\t<div class=\"elementor-widget-container\">\n\t\t\t\t\t\t\t\t\t\t\t\t\t\t\t<img decoding=\"async\" width=\"124\" height=\"73\" src=\"https:\/\/www.klinikartibir.com\/en\/wp-content\/uploads\/2021\/09\/logo.png\" class=\"attachment-large size-large wp-image-50\" alt=\"\" \/>\t\t\t\t\t\t\t\t\t\t\t\t\t\t\t<\/div>\n\t\t\t\t<\/div>\n\t\t\t\t\t<\/div>\n\t\t<\/div>\n\t\t\t\t\t<\/div>\n\t\t<\/section>\n\t\t\t\t<section class=\"elementor-section elementor-top-section elementor-element elementor-element-4151858a elementor-section-boxed elementor-section-height-default elementor-section-height-default\" data-id=\"4151858a\" data-element_type=\"section\">\n\t\t\t\t\t\t<div class=\"elementor-container elementor-column-gap-default\">\n\t\t\t\t\t<div class=\"elementor-column elementor-col-50 elementor-top-column elementor-element elementor-element-62402a56\" data-id=\"62402a56\" data-element_type=\"column\">\n\t\t\t<div class=\"elementor-widget-wrap elementor-element-populated\">\n\t\t\t\t\t\t<div class=\"elementor-element elementor-element-7b1cb1a0 elementor-widget elementor-widget-image\" data-id=\"7b1cb1a0\" data-element_type=\"widget\" data-widget_type=\"image.default\">\n\t\t\t\t<div class=\"elementor-widget-container\">\n\t\t\t\t\t\t\t\t\t\t\t\t\t\t\t<img fetchpriority=\"high\" decoding=\"async\" width=\"800\" height=\"600\" src=\"https:\/\/www.klinikartibir.com\/en\/wp-content\/uploads\/2021\/09\/artibir-klinik.png\" class=\"attachment-large size-large wp-image-20\" alt=\"\" srcset=\"https:\/\/www.klinikartibir.com\/en\/wp-content\/uploads\/2021\/09\/artibir-klinik.png 800w, https:\/\/www.klinikartibir.com\/en\/wp-content\/uploads\/2021\/09\/artibir-klinik-300x225.png 300w, https:\/\/www.klinikartibir.com\/en\/wp-content\/uploads\/2021\/09\/artibir-klinik-768x576.png 768w\" sizes=\"(max-width: 800px) 100vw, 800px\" \/>\t\t\t\t\t\t\t\t\t\t\t\t\t\t\t<\/div>\n\t\t\t\t<\/div>\n\t\t\t\t<div class=\"elementor-element elementor-element-4bcc7bf elementor-widget elementor-widget-heading\" data-id=\"4bcc7bf\" data-element_type=\"widget\" data-widget_type=\"heading.default\">\n\t\t\t\t<div class=\"elementor-widget-container\">\n\t\t\t\t\t<h2 class=\"elementor-heading-title elementor-size-default\">Our team\n<\/h2>\t\t\t\t<\/div>\n\t\t\t\t<\/div>\n\t\t\t\t<div class=\"elementor-element elementor-element-669c3e65 elementor-icon-list--layout-traditional elementor-list-item-link-full_width elementor-widget elementor-widget-icon-list\" data-id=\"669c3e65\" data-element_type=\"widget\" data-widget_type=\"icon-list.default\">\n\t\t\t\t<div class=\"elementor-widget-container\">\n\t\t\t\t\t\t\t<ul class=\"elementor-icon-list-items\">\n\t\t\t\t\t\t\t<li class=\"elementor-icon-list-item\">\n\t\t\t\t\t\t\t\t\t\t\t<a href=\"https:\/\/www.klinikartibir.com\/en\/furkan-engin-general-coordinator\/\">\n\n\t\t\t\t\t\t\t\t\t\t\t<span class=\"elementor-icon-list-text\">Furkan ENG\u0130N (General Coordinator)<\/span>\n\t\t\t\t\t\t\t\t\t\t\t<\/a>\n\t\t\t\t\t\t\t\t\t<\/li>\n\t\t\t\t\t\t\t\t<li class=\"elementor-icon-list-item\">\n\t\t\t\t\t\t\t\t\t\t\t<a href=\"https:\/\/www.klinikartibir.com\/en\/dr-dt-zehra-mutlu\/\">\n\n\t\t\t\t\t\t\t\t\t\t\t<span class=\"elementor-icon-list-text\">Dr. Dt. Zehra Mutlu<\/span>\n\t\t\t\t\t\t\t\t\t\t\t<\/a>\n\t\t\t\t\t\t\t\t\t<\/li>\n\t\t\t\t\t\t\t\t<li class=\"elementor-icon-list-item\">\n\t\t\t\t\t\t\t\t\t\t\t<a href=\"https:\/\/www.klinikartibir.com\/en\/dr-dt-servet-akyildiz\/\">\n\n\t\t\t\t\t\t\t\t\t\t\t<span class=\"elementor-icon-list-text\">Dr. Dt. Servet AKYILDIZ<\/span>\n\t\t\t\t\t\t\t\t\t\t\t<\/a>\n\t\t\t\t\t\t\t\t\t<\/li>\n\t\t\t\t\t\t\t\t<li class=\"elementor-icon-list-item\">\n\t\t\t\t\t\t\t\t\t\t\t<a href=\"https:\/\/www.klinikartibir.com\/en\/dr-dt-jerina-gulec\/\">\n\n\t\t\t\t\t\t\t\t\t\t\t<span class=\"elementor-icon-list-text\">Dr. Dt. Jerina G\u00dcLE\u00c7<\/span>\n\t\t\t\t\t\t\t\t\t\t\t<\/a>\n\t\t\t\t\t\t\t\t\t<\/li>\n\t\t\t\t\t\t\t\t<li class=\"elementor-icon-list-item\">\n\t\t\t\t\t\t\t\t\t\t\t<a href=\"https:\/\/www.klinikartibir.com\/en\/dt-mert-gerek\/\">\n\n\t\t\t\t\t\t\t\t\t\t\t<span class=\"elementor-icon-list-text\">Dt. Mert GEREK<\/span>\n\t\t\t\t\t\t\t\t\t\t\t<\/a>\n\t\t\t\t\t\t\t\t\t<\/li>\n\t\t\t\t\t\t\t\t<li class=\"elementor-icon-list-item\">\n\t\t\t\t\t\t\t\t\t\t\t<a href=\"https:\/\/www.klinikartibir.com\/en\/dr-dt-esra-yamaner\/\">\n\n\t\t\t\t\t\t\t\t\t\t\t<span class=\"elementor-icon-list-text\">Dr. Dt. Esra YAMANER<\/span>\n\t\t\t\t\t\t\t\t\t\t\t<\/a>\n\t\t\t\t\t\t\t\t\t<\/li>\n\t\t\t\t\t\t<\/ul>\n\t\t\t\t\t\t<\/div>\n\t\t\t\t<\/div>\n\t\t\t\t\t<\/div>\n\t\t<\/div>\n\t\t\t\t<div class=\"elementor-column elementor-col-50 elementor-top-column elementor-element elementor-element-4fb7c845\" data-id=\"4fb7c845\" data-element_type=\"column\">\n\t\t\t<div class=\"elementor-widget-wrap elementor-element-populated\">\n\t\t\t\t\t\t<div class=\"elementor-element elementor-element-18fc665c elementor-widget elementor-widget-image\" data-id=\"18fc665c\" data-element_type=\"widget\" data-widget_type=\"image.default\">\n\t\t\t\t<div class=\"elementor-widget-container\">\n\t\t\t\t\t\t\t\t\t\t\t\t\t\t\t<img decoding=\"async\" width=\"800\" height=\"450\" src=\"https:\/\/www.klinikartibir.com\/en\/wp-content\/uploads\/2021\/09\/esra-yamaner-scaled-1-1024x576.webp\" class=\"attachment-large size-large wp-image-31\" alt=\"\" srcset=\"https:\/\/www.klinikartibir.com\/en\/wp-content\/uploads\/2021\/09\/esra-yamaner-scaled-1-1024x576.webp 1024w, https:\/\/www.klinikartibir.com\/en\/wp-content\/uploads\/2021\/09\/esra-yamaner-scaled-1-300x169.webp 300w, https:\/\/www.klinikartibir.com\/en\/wp-content\/uploads\/2021\/09\/esra-yamaner-scaled-1-768x432.webp 768w, https:\/\/www.klinikartibir.com\/en\/wp-content\/uploads\/2021\/09\/esra-yamaner-scaled-1-1536x864.webp 1536w, https:\/\/www.klinikartibir.com\/en\/wp-content\/uploads\/2021\/09\/esra-yamaner-scaled-1-2048x1152.webp 2048w\" sizes=\"(max-width: 800px) 100vw, 800px\" \/>\t\t\t\t\t\t\t\t\t\t\t\t\t\t\t<\/div>\n\t\t\t\t<\/div>\n\t\t\t\t<div class=\"elementor-element elementor-element-6f8d8245 elementor-widget elementor-widget-text-editor\" data-id=\"6f8d8245\" data-element_type=\"widget\" data-widget_type=\"text-editor.default\">\n\t\t\t\t<div class=\"elementor-widget-container\">\n\t\t\t\t\t\t\t\t\t<p>I was born in 1982 in Istanbul. After graduating from Kartal Village Services Anatolian High School in 2000, I started my education at Istanbul University Faculty of Dentistry in the same year.<\/p><p><iframe title=\"Dr.Dt.F.Esra Yamaner-Cosmetic Dentist\" width=\"800\" height=\"450\" src=\"https:\/\/www.youtube.com\/embed\/u0-Tgy7Cq6Q?feature=oembed\" frameborder=\"0\" allow=\"accelerometer; autoplay; clipboard-write; encrypted-media; gyroscope; picture-in-picture\" allowfullscreen><\/iframe><\/p><p>After graduating from the faculty of dentistry in 2005, I worked in private clinics (Dentram Dental Clinic, Fulyadent Dental Clinic) for 2 years.<\/p><p>In 2007, I started my doctorate program at Istanbul University Faculty of Dentistry, Department of Prosthodontics, Maxillofacial Prosthesis Department.<\/p><p>During my specialization education, I carried out studies and researches on jaw joint diseases, as well as fixed, removable, implant-supported prostheses and aesthetic dentistry applications.<\/p><p>I completed my doctorate in 2013 by giving my thesis on \u201cInvestigation of Long-term Effects of Different Treatment Methods in Patients with Temporomandibular Joint Dysfunction\u201d. Right after that, I established my own practice in Kad\u0131k\u00f6y\/ Ko\u015fuyolu and continued my studies there for 5 years.<\/p><p>In 2018, I settled in America\/California and after living there for 2 years, I returned home due to the pandemic and started to work as a prosthesis specialist at Klinikart\u0131bir Dental Clinic.<\/p>\t\t\t\t\t\t\t\t<\/div>\n\t\t\t\t<\/div>\n\t\t\t\t\t<\/div>\n\t\t<\/div>\n\t\t\t\t\t<\/div>\n\t\t<\/section>\n\t\t\t\t<\/div>\n\t\t","protected":false},"excerpt":{"rendered":"<p>Dr. Dt. Esra Yamaner Aesthetic Dentist (Prosthesis Specialist) Our team Furkan ENG\u0130N (General Coordinator) Dr. Dt. Zehra Mutlu Dr. Dt. Servet AKYILDIZ Dr. Dt. Jerina G\u00dcLE\u00c7 Dt. Mert GEREK Dr. Dt. Esra YAMANER I was born in 1982 in Istanbul. After graduating from Kartal Village Services Anatolian High School in 2000, I started my education [&hellip;]<\/p>\n","protected":false},"author":1,"featured_media":0,"parent":0,"menu_order":0,"comment_status":"closed","ping_status":"closed","template":"elementor_header_footer","meta":{"_joinchat":[],"footnotes":""},"class_list":["post-142","page","type-page","status-publish","hentry"],"_links":{"self":[{"href":"https:\/\/www.klinikartibir.com\/en\/wp-json\/wp\/v2\/pages\/142","targetHints":{"allow":["GET"]}}],"collection":[{"href":"https:\/\/www.klinikartibir.com\/en\/wp-json\/wp\/v2\/pages"}],"about":[{"href":"https:\/\/www.klinikartibir.com\/en\/wp-json\/wp\/v2\/types\/page"}],"author":[{"embeddable":true,"href":"https:\/\/www.klinikartibir.com\/en\/wp-json\/wp\/v2\/users\/1"}],"replies":[{"embeddable":true,"href":"https:\/\/www.klinikartibir.com\/en\/wp-json\/wp\/v2\/comments?post=142"}],"version-history":[{"count":6,"href":"https:\/\/www.klinikartibir.com\/en\/wp-json\/wp\/v2\/pages\/142\/revisions"}],"predecessor-version":[{"id":3844,"href":"https:\/\/www.klinikartibir.com\/en\/wp-json\/wp\/v2\/pages\/142\/revisions\/3844"}],"wp:attachment":[{"href":"https:\/\/www.klinikartibir.com\/en\/wp-json\/wp\/v2\/media?parent=142"}],"curies":[{"name":"wp","href":"https:\/\/api.w.org\/{rel}","templated":true}]}}