{"id":133,"date":"2021-09-22T03:03:27","date_gmt":"2021-09-22T03:03:27","guid":{"rendered":"https:\/\/www.klinikartibir.com\/en\/?page_id=133"},"modified":"2022-11-25T12:40:49","modified_gmt":"2022-11-25T12:40:49","slug":"dr-dt-jerina-gulec","status":"publish","type":"page","link":"https:\/\/www.klinikartibir.com\/en\/dr-dt-jerina-gulec\/","title":{"rendered":"Dr.Dt. Jerina G\u00fcle\u00e7"},"content":{"rendered":"\t\t<div data-elementor-type=\"wp-page\" data-elementor-id=\"133\" class=\"elementor elementor-133\" data-elementor-post-type=\"page\">\n\t\t\t\t\t\t<section class=\"elementor-section elementor-top-section elementor-element elementor-element-1c831500 elementor-section-boxed elementor-section-height-default elementor-section-height-default\" data-id=\"1c831500\" data-element_type=\"section\" data-settings=\"{&quot;background_background&quot;:&quot;classic&quot;}\">\n\t\t\t\t\t\t\t<div class=\"elementor-background-overlay\"><\/div>\n\t\t\t\t\t\t\t<div class=\"elementor-container elementor-column-gap-default\">\n\t\t\t\t\t<div class=\"elementor-column elementor-col-50 elementor-top-column elementor-element elementor-element-52906369\" data-id=\"52906369\" data-element_type=\"column\">\n\t\t\t<div class=\"elementor-widget-wrap elementor-element-populated\">\n\t\t\t\t\t\t<div class=\"elementor-element elementor-element-763dc3d2 elementor-widget elementor-widget-heading\" data-id=\"763dc3d2\" data-element_type=\"widget\" data-widget_type=\"heading.default\">\n\t\t\t\t<div class=\"elementor-widget-container\">\n\t\t\t\t\t<h1 class=\"elementor-heading-title elementor-size-default\">Dr.Dt. Jerina G\u00dcLE\u00c7<\/h1>\t\t\t\t<\/div>\n\t\t\t\t<\/div>\n\t\t\t\t<div class=\"elementor-element elementor-element-5ff604a4 elementor-widget elementor-widget-heading\" data-id=\"5ff604a4\" data-element_type=\"widget\" data-widget_type=\"heading.default\">\n\t\t\t\t<div class=\"elementor-widget-container\">\n\t\t\t\t\t<h2 class=\"elementor-heading-title elementor-size-default\">Orthodontist<\/h2>\t\t\t\t<\/div>\n\t\t\t\t<\/div>\n\t\t\t\t\t<\/div>\n\t\t<\/div>\n\t\t\t\t<div class=\"elementor-column elementor-col-50 elementor-top-column elementor-element elementor-element-750da284\" data-id=\"750da284\" data-element_type=\"column\">\n\t\t\t<div class=\"elementor-widget-wrap elementor-element-populated\">\n\t\t\t\t\t\t<div class=\"elementor-element elementor-element-2b7fcdea elementor-widget elementor-widget-image\" data-id=\"2b7fcdea\" data-element_type=\"widget\" data-widget_type=\"image.default\">\n\t\t\t\t<div class=\"elementor-widget-container\">\n\t\t\t\t\t\t\t\t\t\t\t\t\t\t\t<img decoding=\"async\" width=\"124\" height=\"73\" src=\"https:\/\/www.klinikartibir.com\/en\/wp-content\/uploads\/2021\/09\/logo.png\" class=\"attachment-large size-large wp-image-50\" alt=\"\" \/>\t\t\t\t\t\t\t\t\t\t\t\t\t\t\t<\/div>\n\t\t\t\t<\/div>\n\t\t\t\t\t<\/div>\n\t\t<\/div>\n\t\t\t\t\t<\/div>\n\t\t<\/section>\n\t\t\t\t<section class=\"elementor-section elementor-top-section elementor-element elementor-element-2b39019b elementor-section-boxed elementor-section-height-default elementor-section-height-default\" data-id=\"2b39019b\" data-element_type=\"section\">\n\t\t\t\t\t\t<div class=\"elementor-container elementor-column-gap-default\">\n\t\t\t\t\t<div class=\"elementor-column elementor-col-50 elementor-top-column elementor-element elementor-element-5c7431ce\" data-id=\"5c7431ce\" data-element_type=\"column\">\n\t\t\t<div class=\"elementor-widget-wrap elementor-element-populated\">\n\t\t\t\t\t\t<div class=\"elementor-element elementor-element-68ba769e elementor-widget elementor-widget-image\" data-id=\"68ba769e\" data-element_type=\"widget\" data-widget_type=\"image.default\">\n\t\t\t\t<div class=\"elementor-widget-container\">\n\t\t\t\t\t\t\t\t\t\t\t\t\t\t\t<img fetchpriority=\"high\" decoding=\"async\" width=\"800\" height=\"600\" src=\"https:\/\/www.klinikartibir.com\/en\/wp-content\/uploads\/2021\/09\/artibir-klinik.png\" class=\"attachment-large size-large wp-image-20\" alt=\"\" srcset=\"https:\/\/www.klinikartibir.com\/en\/wp-content\/uploads\/2021\/09\/artibir-klinik.png 800w, https:\/\/www.klinikartibir.com\/en\/wp-content\/uploads\/2021\/09\/artibir-klinik-300x225.png 300w, https:\/\/www.klinikartibir.com\/en\/wp-content\/uploads\/2021\/09\/artibir-klinik-768x576.png 768w\" sizes=\"(max-width: 800px) 100vw, 800px\" \/>\t\t\t\t\t\t\t\t\t\t\t\t\t\t\t<\/div>\n\t\t\t\t<\/div>\n\t\t\t\t<div class=\"elementor-element elementor-element-472fbcd6 elementor-widget elementor-widget-heading\" data-id=\"472fbcd6\" data-element_type=\"widget\" data-widget_type=\"heading.default\">\n\t\t\t\t<div class=\"elementor-widget-container\">\n\t\t\t\t\t<h2 class=\"elementor-heading-title elementor-size-default\">Ekibimiz<\/h2>\t\t\t\t<\/div>\n\t\t\t\t<\/div>\n\t\t\t\t<div class=\"elementor-element elementor-element-39d3e54b elementor-icon-list--layout-traditional elementor-list-item-link-full_width elementor-widget elementor-widget-icon-list\" data-id=\"39d3e54b\" data-element_type=\"widget\" data-widget_type=\"icon-list.default\">\n\t\t\t\t<div class=\"elementor-widget-container\">\n\t\t\t\t\t\t\t<ul class=\"elementor-icon-list-items\">\n\t\t\t\t\t\t\t<li class=\"elementor-icon-list-item\">\n\t\t\t\t\t\t\t\t\t\t\t<a href=\"https:\/\/www.klinikartibir.com\/en\/furkan-engin-general-coordinator\/\">\n\n\t\t\t\t\t\t\t\t\t\t\t<span class=\"elementor-icon-list-text\">Furkan Engin (General Coordinator)<\/span>\n\t\t\t\t\t\t\t\t\t\t\t<\/a>\n\t\t\t\t\t\t\t\t\t<\/li>\n\t\t\t\t\t\t\t\t<li class=\"elementor-icon-list-item\">\n\t\t\t\t\t\t\t\t\t\t\t<a href=\"https:\/\/www.klinikartibir.com\/en\/dr-dt-zehra-mutlu\/\">\n\n\t\t\t\t\t\t\t\t\t\t\t<span class=\"elementor-icon-list-text\">Dr. Dt. Zehra Mutlu<\/span>\n\t\t\t\t\t\t\t\t\t\t\t<\/a>\n\t\t\t\t\t\t\t\t\t<\/li>\n\t\t\t\t\t\t\t\t<li class=\"elementor-icon-list-item\">\n\t\t\t\t\t\t\t\t\t\t\t<a href=\"https:\/\/www.klinikartibir.com\/en\/dr-dt-servet-akyildiz\/\">\n\n\t\t\t\t\t\t\t\t\t\t\t<span class=\"elementor-icon-list-text\">Dr. Dt. Servet AKYILDIZ<\/span>\n\t\t\t\t\t\t\t\t\t\t\t<\/a>\n\t\t\t\t\t\t\t\t\t<\/li>\n\t\t\t\t\t\t\t\t<li class=\"elementor-icon-list-item\">\n\t\t\t\t\t\t\t\t\t\t\t<a href=\"https:\/\/www.klinikartibir.com\/en\/dr-dt-jerina-gulec\/\">\n\n\t\t\t\t\t\t\t\t\t\t\t<span class=\"elementor-icon-list-text\">Dr. Dt. Jerina G\u00dcLE\u00c7<\/span>\n\t\t\t\t\t\t\t\t\t\t\t<\/a>\n\t\t\t\t\t\t\t\t\t<\/li>\n\t\t\t\t\t\t\t\t<li class=\"elementor-icon-list-item\">\n\t\t\t\t\t\t\t\t\t\t\t<a href=\"https:\/\/www.klinikartibir.com\/en\/dt-mert-gerek\/\">\n\n\t\t\t\t\t\t\t\t\t\t\t<span class=\"elementor-icon-list-text\">Dt. Mert GEREK<\/span>\n\t\t\t\t\t\t\t\t\t\t\t<\/a>\n\t\t\t\t\t\t\t\t\t<\/li>\n\t\t\t\t\t\t\t\t<li class=\"elementor-icon-list-item\">\n\t\t\t\t\t\t\t\t\t\t\t<a href=\"https:\/\/www.klinikartibir.com\/en\/dr-dt-esra-yamaner\/\">\n\n\t\t\t\t\t\t\t\t\t\t\t<span class=\"elementor-icon-list-text\">Dr. Dt. Esra YAMANER<\/span>\n\t\t\t\t\t\t\t\t\t\t\t<\/a>\n\t\t\t\t\t\t\t\t\t<\/li>\n\t\t\t\t\t\t<\/ul>\n\t\t\t\t\t\t<\/div>\n\t\t\t\t<\/div>\n\t\t\t\t\t<\/div>\n\t\t<\/div>\n\t\t\t\t<div class=\"elementor-column elementor-col-50 elementor-top-column elementor-element elementor-element-176e59be\" data-id=\"176e59be\" data-element_type=\"column\">\n\t\t\t<div class=\"elementor-widget-wrap elementor-element-populated\">\n\t\t\t\t\t\t<div class=\"elementor-element elementor-element-2d59d326 elementor-widget elementor-widget-text-editor\" data-id=\"2d59d326\" data-element_type=\"widget\" data-widget_type=\"text-editor.default\">\n\t\t\t\t<div class=\"elementor-widget-container\">\n\t\t\t\t\t\t\t\t\t<p><iframe title=\"Dr.Dt.Jerina G\u00fcle\u00e7 - Orthodontics - Klinik+1\" width=\"800\" height=\"450\" src=\"https:\/\/www.youtube.com\/embed\/WfxYZvzYVAo?feature=oembed\" frameborder=\"0\" allow=\"accelerometer; autoplay; clipboard-write; encrypted-media; gyroscope; picture-in-picture\" allowfullscreen><\/iframe><\/p><p><span class=\"Y2IQFc\" lang=\"en\">She was born in 1990 in Albania. She graduated from Selimpa\u015fa Atat\u00fcrk Anatolian High School in 2008. After completing her undergraduate education at Istanbul University Faculty of Dentistry in 2013, she worked as a general dentist for 2 years in Istanbul. In 2015, she started her doctorate education at Ankara University Faculty of Dentistry, Department of Orthodontics. She attended various scientific seminars and congresses during her doctoral education and completed her doctoral education with her thesis titled \u201cPain in Orthodontic Treatment\u201d and received the title of orthodontic specialist.<\/span><\/p><p><strong>SCIENTIFIC INSTITUTIONS MEMBERSHIP<\/strong><br \/>\u2022 T\u00fcrk Ortodonti Derne\u011fi (TDB)<br \/>\u2022 Ankara Ortodonti Derne\u011fi (AOD)<br \/>\u2022 Avrupa Ortodonti Derne\u011fi (EOS)<br \/>\u2022 Amerika Ortodonti Derne\u011fi (AAO)<br \/>\u2022 T\u00fcrk Di\u015f Hekimleri Birli\u011fi (TDB)<\/p><p><strong><span class=\"Y2IQFc\" lang=\"en\">GRADUATION THESIS<\/span><\/strong><br \/><strong>Lisans\u00fcst\u00fc<\/strong>&#8211; Periodontal Hastal\u0131klar\u0131n \u00d6nlenmesinde Probiyotiklerin Yeri<\/p><p><strong>Doktora<\/strong>&#8211; Ortodontik Tedavide A\u011fr\u0131<\/p><p><strong>PUBLICATIONS<br \/><\/strong><br \/>\u2022 TOP\u00c7UOGLU, N., Emine, Y. E. K., YILDIZ, S., DADASLI, F., Jerina, D. U. L. E., \u00c7AYIRCI, M.,<br \/>&#8230; &amp; K\u00dcLEK\u00c7I, G. (2012). Contamination of interdental brushes and dental floss with oral bacteria. European Oral Research, 46(3), 9.<\/p><p>\u2022 Jerina, D. U. L. E., EYYUBOV, R., &amp; G\u00d6KALP, H. MAKS\u0130LLER RETR\u00dcZYONUN B\u00dcY\u00dcME<br \/>D\u00d6NEM\u0130NDE ALT-RAMEC VE MAND\u0130BULAR M\u0130N\u0130 V\u0130DA \u0130\u015eB\u0130RL\u0130\u011e\u0130 \u0130LE TEDAV\u0130S\u0130: Bir Olgu Sunumu. Ankara \u00dcniversitesi Di\u015f Hekimli\u011fi Fak\u00fcltesi Dergisi, 47(1-3), 115-124.<\/p><p><strong><span class=\"Y2IQFc\" lang=\"en\">PRESENTATION AND PAPERS<\/span><\/strong><\/p><p>\u2022 TOP\u00c7UOGLU, N., Emine, Y. E. K., YILDIZ, S., DADASLI, F., Jerina, D. U. L. E., \u00c7AYIRCI, M.,<br \/>&#8230; &amp; K\u00dcLEK\u00c7I, G. ARAY\u00dcZ F\u0130RMASININ VE D\u0130\u015e \u0130P\u0130N\u0130N A\u011eIZ BAKTER\u0130LER\u0130 \u0130LE KONTAM\u0130NASYONU: Klinik Mikrobiyoloji. 35. T\u00fcrk Mikrobiyolojisi Kongresi 3-7 Kas\u0131m<br \/>2012, Ayd\u0131n, T\u00fcrkiye.<\/p><p>\u2022 D. Erdem, J. Dule , R. Eyyubov , G. S\u00fcmer, E. \u015eenel. \u0130SKELETSEL VE DENTAL SINIF II ANOMAL\u0130N\u0130N ORTODONT\u0130K TEDAV\u0130S\u0130: Vaka Sunumu. Erciyes \u00dcniversitesi Uluslararas\u0131 Di\u015f Hekimli\u011fi Kongresi 2020, Kayseri, T\u00fcrkiye.<\/p><p><strong><span class=\"Y2IQFc\" lang=\"en\">CONGRESSES, SYMPOSIUM AND COURSES ATTENDED<br \/><\/span><\/strong><br \/>\u2022 TDB 3. Ulusal \u00d6\u011frenci Kongresi 4-5 Nisan 2009, \u0130stanbul, T\u00fcrkiye.<\/p><p>\u2022 \u0130\u00dcDHF \u00d6\u011frenci Ara\u015ft\u0131rma Kul\u00fcb\u00fc 19. Bilimsel Kongresi 2012, \u0130stanbul, T\u00fcrkiye.<\/p><p>\u2022 EDAD 17. Kongresi 15-17 Kas\u0131m 2013, \u0130stanbul, T\u00fcrkiye.<\/p><p>\u2022 \u0130\u00dcDHF \u00d6\u011frenci Ara\u015ft\u0131rma Kul\u00fcb\u00fc 20. Bilimsel Kongresi 2013, \u0130stanbul, T\u00fcrkiye<\/p><p>\u2022 15. Uluslararas\u0131 T\u00fcrk Ortodonti Derne\u011fi Sempozyumu, 4-6 Kas\u0131m 2017, Ankara, T\u00fcrkiye.<\/p><p>\u2022 Win Lingual Systems Sertifikasyon Kursu Dr. Dirk Wiechman, 11-12 Ocak 2018, \u0130stanbul, T\u00fcrkiye.<\/p><p>\u2022 Edgewise Tekni\u011fi ve B\u00fck\u00fcm Uygulamalar\u0131 Prof.Dr. Zahir Altu\u011f, 19-20 Mart 2018, Ankara, T\u00fcrkiye.<\/p><p>\u2022 Herkes \u0130\u00e7in Basitle\u015ftirilmi\u015f \u0130ndirekt Bonding Tekni\u011fi Prof.Dr. \u00d6m\u00fcr Polat \u00d6zsoy, 25<br \/>Mart 2018, Ankara, T\u00fcrkiye.<\/p><p>\u2022 TME Biyomekani\u011fi ve Okluzyon \u0130li\u015fkisi Prof.Dr. Nil\u00fcfer Darendeliler, Dijital Modelleme Do\u00e7.Dr. \u00c7a\u011fr\u0131 T\u00fcrk\u00f6z, 7 Nisan 2018, Ankara, T\u00fcrkiye.<\/p><p>\u2022 Te\u015fhis ve Tedavi Planlamas\u0131nda Sefalometri Prof.Dr. Ay\u015fe Tuba Altu\u011f, Do\u00e7.Dr. Hakan El, 15 Nisan 2018,Ankara, T\u00fcrkiye.<\/p><p>\u2022 Biyoprogresif Tedavi Felsefesi ile G\u00fcncel Yakla\u015f\u0131mlar Prof.Dr. Ay\u00e7a Arman \u00d6z\u00e7\u0131rp\u0131c\u0131, 11 Haziran 2018, Ankara, T\u00fcrkiye.<\/p><p>\u2022 S\u0131n\u0131f II Malokl\u00fczyonda Tedavi Se\u00e7enekleri Prof.Dr. Nazan K\u00fc\u00e7\u00fckkele\u015f, 3 Kas\u0131m 2018, \u0130stanbul, T\u00fcrkiye.<\/p><p>\u2022 Damon Master Class Dr. Bader Borgan, 13 Haziran 2019, Ankara, T\u00fcrkiye<\/p><p>\u2022 S\u0131n\u0131f II Malokl\u00fczyonlar\u0131n Tedavisinde \u0130skeletsel Ankraj Prof.Dr. \u00d6m\u00fcr Polat \u00d6zsoy, 16 Haziran 2019, Ankara, T\u00fcrkiye.<\/p><p>\u2022 \u0130nvisalign Aligner Sertifikasyon Kursu, 2019, \u0130stanbul, T\u00fcrkiye.<\/p><p>\u2022 Erciyes \u00dcniversitesi Uluslararas\u0131 Di\u015f Hekimli\u011fi Kongresi 26-29 \u015eubat 2020, Kayseri, T\u00fcrkiye.<\/p>\t\t\t\t\t\t\t\t<\/div>\n\t\t\t\t<\/div>\n\t\t\t\t\t<\/div>\n\t\t<\/div>\n\t\t\t\t\t<\/div>\n\t\t<\/section>\n\t\t\t\t<\/div>\n\t\t","protected":false},"excerpt":{"rendered":"<p>Dr.Dt. Jerina G\u00dcLE\u00c7 Orthodontist Ekibimiz Furkan Engin (General Coordinator) Dr. Dt. Zehra Mutlu Dr. Dt. Servet AKYILDIZ Dr. Dt. Jerina G\u00dcLE\u00c7 Dt. Mert GEREK Dr. Dt. Esra YAMANER She was born in 1990 in Albania. She graduated from Selimpa\u015fa Atat\u00fcrk Anatolian High School in 2008. After completing her undergraduate education at Istanbul University Faculty of [&hellip;]<\/p>\n","protected":false},"author":1,"featured_media":0,"parent":0,"menu_order":0,"comment_status":"closed","ping_status":"closed","template":"elementor_header_footer","meta":{"_joinchat":[],"footnotes":""},"class_list":["post-133","page","type-page","status-publish","hentry"],"_links":{"self":[{"href":"https:\/\/www.klinikartibir.com\/en\/wp-json\/wp\/v2\/pages\/133","targetHints":{"allow":["GET"]}}],"collection":[{"href":"https:\/\/www.klinikartibir.com\/en\/wp-json\/wp\/v2\/pages"}],"about":[{"href":"https:\/\/www.klinikartibir.com\/en\/wp-json\/wp\/v2\/types\/page"}],"author":[{"embeddable":true,"href":"https:\/\/www.klinikartibir.com\/en\/wp-json\/wp\/v2\/users\/1"}],"replies":[{"embeddable":true,"href":"https:\/\/www.klinikartibir.com\/en\/wp-json\/wp\/v2\/comments?post=133"}],"version-history":[{"count":3,"href":"https:\/\/www.klinikartibir.com\/en\/wp-json\/wp\/v2\/pages\/133\/revisions"}],"predecessor-version":[{"id":3790,"href":"https:\/\/www.klinikartibir.com\/en\/wp-json\/wp\/v2\/pages\/133\/revisions\/3790"}],"wp:attachment":[{"href":"https:\/\/www.klinikartibir.com\/en\/wp-json\/wp\/v2\/media?parent=133"}],"curies":[{"name":"wp","href":"https:\/\/api.w.org\/{rel}","templated":true}]}}