{"id":102,"date":"2022-10-16T02:58:32","date_gmt":"2022-10-16T02:58:32","guid":{"rendered":"https:\/\/www.klinikartibir.com\/en\/?page_id=102"},"modified":"2023-03-02T11:33:14","modified_gmt":"2023-03-02T11:33:14","slug":"contact-us","status":"publish","type":"page","link":"https:\/\/www.klinikartibir.com\/en\/contact-us\/","title":{"rendered":"Contact us"},"content":{"rendered":"\t\t<div data-elementor-type=\"wp-page\" data-elementor-id=\"102\" class=\"elementor elementor-102\" data-elementor-post-type=\"page\">\n\t\t\t\t\t\t<section class=\"elementor-section elementor-top-section elementor-element elementor-element-277c2e1b elementor-section-full_width elementor-section-height-default elementor-section-height-default\" data-id=\"277c2e1b\" data-element_type=\"section\" data-settings=\"{&quot;background_background&quot;:&quot;classic&quot;}\">\n\t\t\t\t\t\t\t<div class=\"elementor-background-overlay\"><\/div>\n\t\t\t\t\t\t\t<div class=\"elementor-container elementor-column-gap-no\">\n\t\t\t\t\t<div class=\"elementor-column elementor-col-100 elementor-top-column elementor-element elementor-element-470287ed\" data-id=\"470287ed\" data-element_type=\"column\">\n\t\t\t<div class=\"elementor-widget-wrap elementor-element-populated\">\n\t\t\t\t\t\t<div class=\"elementor-element elementor-element-3a3eb6af elementor-widget elementor-widget-heading\" data-id=\"3a3eb6af\" data-element_type=\"widget\" data-widget_type=\"heading.default\">\n\t\t\t\t<div class=\"elementor-widget-container\">\n\t\t\t\t\t<h1 class=\"elementor-heading-title elementor-size-default\">Contact us<\/h1>\t\t\t\t<\/div>\n\t\t\t\t<\/div>\n\t\t\t\t\t<\/div>\n\t\t<\/div>\n\t\t\t\t\t<\/div>\n\t\t<\/section>\n\t\t\t\t<section class=\"elementor-section elementor-top-section elementor-element elementor-element-1dfca58a elementor-section-boxed elementor-section-height-default elementor-section-height-default\" data-id=\"1dfca58a\" data-element_type=\"section\">\n\t\t\t\t\t\t<div class=\"elementor-container elementor-column-gap-default\">\n\t\t\t\t\t<div class=\"elementor-column elementor-col-100 elementor-top-column elementor-element elementor-element-6fc99a78\" data-id=\"6fc99a78\" data-element_type=\"column\">\n\t\t\t<div class=\"elementor-widget-wrap elementor-element-populated\">\n\t\t\t\t\t\t<div class=\"elementor-element elementor-element-4d5e1427 elementor-widget elementor-widget-html\" data-id=\"4d5e1427\" data-element_type=\"widget\" data-widget_type=\"html.default\">\n\t\t\t\t<div class=\"elementor-widget-container\">\n\t\t\t\t\t<iframe src=\"https:\/\/www.google.com\/maps\/embed?pb=!1m14!1m8!1m3!1d192823.73154940724!2d29.086909000000002!3d40.962409!3m2!1i1024!2i768!4f13.1!3m3!1m2!1s0x0%3A0xdda9787b83af8abf!2zS2xpbmlrKzEgQcSfxLF6IHZlIERpxZ8gU2HEn2zEscSfxLEgUG9saWtsaW5pxJ9p!5e0!3m2!1str!2sch!4v1632071942524!5m2!1str!2sch\" width=\"600\" height=\"450\" style=\"border:0;\" allowfullscreen=\"\" loading=\"lazy\"><\/iframe>\t\t\t\t<\/div>\n\t\t\t\t<\/div>\n\t\t\t\t\t<\/div>\n\t\t<\/div>\n\t\t\t\t\t<\/div>\n\t\t<\/section>\n\t\t\t\t<section class=\"elementor-section elementor-top-section elementor-element elementor-element-728c2726 elementor-section-boxed elementor-section-height-default elementor-section-height-default\" data-id=\"728c2726\" data-element_type=\"section\">\n\t\t\t\t\t\t<div class=\"elementor-container elementor-column-gap-default\">\n\t\t\t\t\t<div class=\"elementor-column elementor-col-50 elementor-top-column elementor-element elementor-element-7b11bd46\" data-id=\"7b11bd46\" data-element_type=\"column\">\n\t\t\t<div class=\"elementor-widget-wrap elementor-element-populated\">\n\t\t\t\t\t\t<div class=\"elementor-element elementor-element-1e9e4d elementor-icon-list--layout-traditional elementor-list-item-link-full_width elementor-widget elementor-widget-icon-list\" data-id=\"1e9e4d\" data-element_type=\"widget\" data-widget_type=\"icon-list.default\">\n\t\t\t\t<div class=\"elementor-widget-container\">\n\t\t\t\t\t\t\t<ul class=\"elementor-icon-list-items\">\n\t\t\t\t\t\t\t<li class=\"elementor-icon-list-item\">\n\t\t\t\t\t\t\t\t\t\t\t<span class=\"elementor-icon-list-icon\">\n\t\t\t\t\t\t\t<i aria-hidden=\"true\" class=\"fas fa-map-marker-alt\"><\/i>\t\t\t\t\t\t<\/span>\n\t\t\t\t\t\t\t\t\t\t<span class=\"elementor-icon-list-text\"><b>Our address::<\/b><\/br> Suadiye, Emin Ali Pa\u015fa Cd. no:27, 34740 Kad\u0131k\u00f6y\/\u0130stanbul <\/span>\n\t\t\t\t\t\t\t\t\t<\/li>\n\t\t\t\t\t\t\t\t<li class=\"elementor-icon-list-item\">\n\t\t\t\t\t\t\t\t\t\t\t<span class=\"elementor-icon-list-icon\">\n\t\t\t\t\t\t\t<i aria-hidden=\"true\" class=\"fas fa-headphones-alt\"><\/i>\t\t\t\t\t\t<\/span>\n\t\t\t\t\t\t\t\t\t\t<span class=\"elementor-icon-list-text\"><b>Telephone:<\/b><\/br> +90532 449 99 84<\/span>\n\t\t\t\t\t\t\t\t\t<\/li>\n\t\t\t\t\t\t\t\t<li class=\"elementor-icon-list-item\">\n\t\t\t\t\t\t\t\t\t\t\t<span class=\"elementor-icon-list-icon\">\n\t\t\t\t\t\t\t<i aria-hidden=\"true\" class=\"icon icon-email\"><\/i>\t\t\t\t\t\t<\/span>\n\t\t\t\t\t\t\t\t\t\t<span class=\"elementor-icon-list-text\"><b>E-posta:<\/b><\/br> info@klinikartibir.com<\/span>\n\t\t\t\t\t\t\t\t\t<\/li>\n\t\t\t\t\t\t<\/ul>\n\t\t\t\t\t\t<\/div>\n\t\t\t\t<\/div>\n\t\t\t\t<section class=\"elementor-section elementor-inner-section elementor-element elementor-element-9bb51ac elementor-section-boxed elementor-section-height-default elementor-section-height-default\" data-id=\"9bb51ac\" data-element_type=\"section\">\n\t\t\t\t\t\t<div class=\"elementor-container elementor-column-gap-default\">\n\t\t\t\t\t<div class=\"elementor-column elementor-col-100 elementor-inner-column elementor-element elementor-element-304ec54\" data-id=\"304ec54\" data-element_type=\"column\">\n\t\t\t<div class=\"elementor-widget-wrap elementor-element-populated\">\n\t\t\t\t\t\t<div class=\"elementor-element elementor-element-a31f81a elementor-widget elementor-widget-button\" data-id=\"a31f81a\" data-element_type=\"widget\" data-widget_type=\"button.default\">\n\t\t\t\t<div class=\"elementor-widget-container\">\n\t\t\t\t\t\t\t\t\t<div class=\"elementor-button-wrapper\">\n\t\t\t\t\t<a class=\"elementor-button elementor-button-link elementor-size-sm\" href=\"https:\/\/www.klinikartibir.com\/en\/wp-content\/uploads\/2022\/02\/download-price-list.pdf\">\n\t\t\t\t\t\t<span class=\"elementor-button-content-wrapper\">\n\t\t\t\t\t\t\t\t\t<span class=\"elementor-button-text\">Download presentation &amp; price list<\/span>\n\t\t\t\t\t<\/span>\n\t\t\t\t\t<\/a>\n\t\t\t\t<\/div>\n\t\t\t\t\t\t\t\t<\/div>\n\t\t\t\t<\/div>\n\t\t\t\t\t<\/div>\n\t\t<\/div>\n\t\t\t\t\t<\/div>\n\t\t<\/section>\n\t\t\t\t\t<\/div>\n\t\t<\/div>\n\t\t\t\t<div class=\"elementor-column elementor-col-50 elementor-top-column elementor-element elementor-element-1129cedc\" data-id=\"1129cedc\" data-element_type=\"column\">\n\t\t\t<div class=\"elementor-widget-wrap\">\n\t\t\t\t\t\t\t<\/div>\n\t\t<\/div>\n\t\t\t\t\t<\/div>\n\t\t<\/section>\n\t\t\t\t<section class=\"elementor-section elementor-top-section elementor-element elementor-element-3215c2ef elementor-hidden-tablet elementor-hidden-mobile elementor-section-boxed elementor-section-height-default elementor-section-height-default\" data-id=\"3215c2ef\" data-element_type=\"section\" data-settings=\"{&quot;background_background&quot;:&quot;classic&quot;,&quot;shape_divider_top&quot;:&quot;tilt&quot;,&quot;shape_divider_bottom&quot;:&quot;tilt&quot;}\">\n\t\t\t\t\t\t\t<div class=\"elementor-background-overlay\"><\/div>\n\t\t\t\t\t\t<div class=\"elementor-shape elementor-shape-top\" aria-hidden=\"true\" data-negative=\"false\">\n\t\t\t<svg xmlns=\"http:\/\/www.w3.org\/2000\/svg\" viewBox=\"0 0 1000 100\" preserveAspectRatio=\"none\">\n\t<path class=\"elementor-shape-fill\" d=\"M0,6V0h1000v100L0,6z\"\/>\n<\/svg>\t\t<\/div>\n\t\t\t\t<div class=\"elementor-shape elementor-shape-bottom\" aria-hidden=\"true\" data-negative=\"false\">\n\t\t\t<svg xmlns=\"http:\/\/www.w3.org\/2000\/svg\" viewBox=\"0 0 1000 100\" preserveAspectRatio=\"none\">\n\t<path class=\"elementor-shape-fill\" d=\"M0,6V0h1000v100L0,6z\"\/>\n<\/svg>\t\t<\/div>\n\t\t\t\t\t<div class=\"elementor-container elementor-column-gap-default\">\n\t\t\t\t\t<div class=\"elementor-column elementor-col-100 elementor-top-column elementor-element elementor-element-6705c353\" data-id=\"6705c353\" data-element_type=\"column\">\n\t\t\t<div class=\"elementor-widget-wrap elementor-element-populated\">\n\t\t\t\t\t\t<div class=\"elementor-element elementor-element-5a40a12b premium-header-inline premium-lq__none premium-box-lq__none elementor-widget elementor-widget-premium-addon-dual-header\" data-id=\"5a40a12b\" data-element_type=\"widget\" data-settings=\"{&quot;_animation_tablet&quot;:&quot;none&quot;,&quot;_animation_mobile&quot;:&quot;none&quot;}\" data-widget_type=\"premium-addon-dual-header.default\">\n\t\t\t\t<div class=\"elementor-widget-container\">\n\t\t\t\t\t\n\t\t\t\t\t<h2 class=\"premium-dual-header-first-header \"><span class=\"premium-dual-header-first-span\">Contact us <\/span><\/h2> \t\t\n\t\t\t\t\t\t<\/div>\n\t\t\t\t<\/div>\n\t\t\t\t<div class=\"elementor-element elementor-element-4cb6e96c elementor-widget elementor-widget-shortcode\" data-id=\"4cb6e96c\" data-element_type=\"widget\" data-widget_type=\"shortcode.default\">\n\t\t\t\t<div class=\"elementor-widget-container\">\n\t\t\t\t\t\t\t<div class=\"elementor-shortcode\"><div id=\"quform-266e3d\" class=\"quform quform-1 quform-theme-simple quform-support-page-caching\"><form id=\"quform-form-266e3d\" class=\"quform-form quform-form-1\" action=\"\/en\/wp-json\/wp\/v2\/pages\/102#quform-266e3d\" method=\"post\" enctype=\"multipart\/form-data\" novalidate=\"novalidate\" data-options=\"{&quot;id&quot;:1,&quot;uniqueId&quot;:&quot;266e3d&quot;,&quot;theme&quot;:&quot;simple&quot;,&quot;ajax&quot;:true,&quot;logic&quot;:{&quot;logic&quot;:{&quot;18&quot;:{&quot;action&quot;:true,&quot;match&quot;:&quot;all&quot;,&quot;rules&quot;:[{&quot;elementId&quot;:&quot;16&quot;,&quot;operator&quot;:&quot;not_empty&quot;,&quot;optionId&quot;:null,&quot;value&quot;:&quot;&quot;}]},&quot;2&quot;:{&quot;action&quot;:true,&quot;match&quot;:&quot;all&quot;,&quot;rules&quot;:[{&quot;elementId&quot;:&quot;16&quot;,&quot;operator&quot;:&quot;not_empty&quot;,&quot;optionId&quot;:null,&quot;value&quot;:&quot;&quot;}]}},&quot;dependents&quot;:{&quot;16&quot;:[18,2]},&quot;elementIds&quot;:[18,2],&quot;dependentElementIds&quot;:[&quot;16&quot;],&quot;animate&quot;:true},&quot;currentPageId&quot;:1,&quot;errorsIcon&quot;:&quot;&quot;,&quot;updateFancybox&quot;:true,&quot;hasPages&quot;:false,&quot;pages&quot;:[1],&quot;pageProgressType&quot;:&quot;numbers&quot;,&quot;tooltipsEnabled&quot;:true,&quot;tooltipClasses&quot;:&quot;qtip-quform-dark qtip-shadow&quot;,&quot;tooltipMy&quot;:&quot;left center&quot;,&quot;tooltipAt&quot;:&quot;right center&quot;,&quot;isRtl&quot;:false,&quot;scrollOffset&quot;:-50,&quot;scrollSpeed&quot;:800}\"><button class=\"quform-default-submit\" name=\"quform_submit\" type=\"submit\" value=\"submit\" aria-hidden=\"true\" tabindex=\"-1\"><\/button><div class=\"quform-form-inner quform-form-inner-1\"><input type=\"hidden\" name=\"quform_form_id\" value=\"1\" \/><input type=\"hidden\" name=\"quform_form_uid\" value=\"266e3d\" \/><input type=\"hidden\" name=\"quform_count\" value=\"1\" \/><input type=\"hidden\" name=\"form_url\" value=\"https:\/\/www.klinikartibir.com\/en\/wp-json\/wp\/v2\/pages\/102\" \/><input type=\"hidden\" name=\"referring_url\" value=\"\" \/><input type=\"hidden\" name=\"post_id\" value=\"\" \/><input type=\"hidden\" name=\"post_title\" value=\"\" \/><input type=\"hidden\" name=\"quform_current_page_id\" value=\"1\" \/><input type=\"hidden\" name=\"quform_csrf_token\" value=\"KRPrCslDnXTVnIDwGyV94xjSFhU6sLL9ogwWPeqV\" \/><div class=\"quform-elements quform-elements-1 quform-cf quform-responsive-elements-phone-landscape\"><div class=\"quform-element quform-element-page quform-page-1 quform-page-1_1 quform-cf quform-group-style-plain quform-first-page quform-last-page quform-current-page\"><div class=\"quform-child-elements\"><div class=\"quform-element quform-element-row quform-element-row-1_3 quform-2-columns quform-element-row-size-fixed quform-responsive-columns-phone-landscape\"><div class=\"quform-element quform-element-column quform-element-1_4\"><div class=\"quform-element quform-element-text quform-element-1_12 quform-cf quform-labels-inside quform-element-required\"><div class=\"quform-spacer\"><div class=\"quform-label quform-label-1_12\"><label class=\"quform-label-text\" for=\"quform_1_12_266e3d\">Name and Surname<span class=\"quform-required\">*<\/span><\/label><\/div><div class=\"quform-inner quform-inner-text quform-inner-1_12\"><div class=\"quform-input quform-input-text quform-input-1_12 quform-cf\"><input type=\"text\" id=\"quform_1_12_266e3d\" name=\"quform_1_12\" class=\"quform-field quform-field-text quform-field-1_12\" \/><\/div><\/div><\/div><\/div><\/div><div class=\"quform-element quform-element-column quform-element-1_19\"><div class=\"quform-element quform-element-email quform-element-1_13 quform-cf quform-labels-inside quform-element-required\"><div class=\"quform-spacer\"><div class=\"quform-label quform-label-1_13\"><label class=\"quform-label-text\" for=\"quform_1_13_266e3d\">E-Mail Address<span class=\"quform-required\">*<\/span><\/label><\/div><div class=\"quform-inner quform-inner-email quform-inner-1_13\"><div class=\"quform-input quform-input-email quform-input-1_13 quform-cf\"><input type=\"email\" id=\"quform_1_13_266e3d\" name=\"quform_1_13\" class=\"quform-field quform-field-email quform-field-1_13\" \/><\/div><\/div><\/div><\/div><\/div><\/div><div class=\"quform-element quform-element-row quform-element-row-1_6 quform-2-columns quform-element-row-size-fixed quform-responsive-columns-phone-landscape\"><div class=\"quform-element quform-element-column quform-element-1_7\"><div class=\"quform-element quform-element-text quform-element-1_14 quform-cf quform-labels-inside quform-element-required\"><div class=\"quform-spacer\"><div class=\"quform-label quform-label-1_14\"><label class=\"quform-label-text\" for=\"quform_1_14_266e3d\">Your telephone number<span class=\"quform-required\">*<\/span><\/label><\/div><div class=\"quform-inner quform-inner-text quform-inner-1_14\"><div class=\"quform-input quform-input-text quform-input-1_14 quform-cf\"><input type=\"text\" id=\"quform_1_14_266e3d\" name=\"quform_1_14\" class=\"quform-field quform-field-text quform-field-1_14\" \/><\/div><\/div><\/div><\/div><\/div><div class=\"quform-element quform-element-column quform-element-1_20\"><div class=\"quform-element quform-element-file quform-element-1_17 quform-cf quform-element-optional\"><div class=\"quform-spacer\"><div class=\"quform-label quform-label-1_17\"><label class=\"quform-label-text\" for=\"quform_1_17_266e3d\">Upload Photo<\/label><\/div><div class=\"quform-inner quform-inner-file quform-inner-1_17\"><div class=\"quform-input quform-input-file quform-input-1_17 quform-cf quform-button-style-blue-3d\"><input type=\"file\" id=\"quform_1_17_266e3d\" name=\"quform_1_17[]\" class=\"quform-field quform-field-file quform-field-1_17 quform-field-file-enhanced\" data-config=\"{&quot;id&quot;:17,&quot;identifier&quot;:&quot;1_17&quot;,&quot;name&quot;:&quot;quform_1_17&quot;,&quot;max&quot;:1,&quot;size&quot;:10485760,&quot;allowedExtensions&quot;:[&quot;jpg&quot;,&quot;jpeg&quot;,&quot;png&quot;,&quot;gif&quot;],&quot;notAllowedTypeWithFilename&quot;:&quot;File type of &#039;%filename%&#039; is not allowed&quot;,&quot;tooBigWithFilename&quot;:&quot;File &#039;%filename%&#039; exceeds the maximum allowed file size&quot;,&quot;tooMany&quot;:&quot;You cannot upload more than %max% file(s)&quot;,&quot;buttonType&quot;:&quot;button&quot;,&quot;buttonText&quot;:&quot;Select Photo&quot;,&quot;buttonIcon&quot;:&quot;qicon-file_upload&quot;,&quot;buttonIconPosition&quot;:&quot;right&quot;}\" \/><\/div><\/div><\/div><\/div><\/div><\/div><div class=\"quform-element quform-element-multiselect quform-element-1_21 quform-cf quform-element-optional\"><div class=\"quform-spacer\"><div class=\"quform-label quform-label-1_21\"><label class=\"quform-label-text\" for=\"quform_1_21_266e3d\">Treatments<\/label><\/div><div class=\"quform-inner quform-inner-multiselect quform-inner-1_21\"><div class=\"quform-input quform-input-multiselect quform-input-1_21 quform-cf\"><select id=\"quform_1_21_266e3d\" name=\"quform_1_21[]\" class=\"quform-field quform-field-multiselect quform-field-1_21\" multiple><option value=\"Conscious Sedation\">Conscious Sedation<\/option><option value=\"Gum Aesthetic\">Gum Aesthetic<\/option><option value=\"Teeth Whitening\">Teeth Whitening<\/option><option value=\"Braces (Orthodontics)\">Braces (Orthodontics)<\/option><option value=\"Impacted Tooth Extraction\">Impacted Tooth Extraction<\/option><option value=\"Teeth cleaning\">Teeth cleaning<\/option><option value=\"Smile Design\">Smile Design<\/option><option value=\"Implant\">Implant<\/option><option value=\"Root Canal Treatment\">Root Canal Treatment<\/option><option value=\"Composite Laminate\">Composite Laminate<\/option><option value=\"Laminate Veneer\">Laminate Veneer<\/option><option value=\"Porcelain Veneer\">Porcelain Veneer<\/option><option value=\"Invisalign\">Invisalign<\/option><option value=\"Zirconium Veneers\">Zirconium Veneers<\/option><\/select><\/div><\/div><\/div><\/div><div class=\"quform-element quform-element-row quform-element-row-1_10 quform-1-columns quform-element-row-size-fixed quform-responsive-columns-phone-landscape\"><div class=\"quform-element quform-element-column quform-element-1_11\"><div class=\"quform-element quform-element-textarea quform-element-1_16 quform-cf quform-labels-inside quform-element-required\"><div class=\"quform-spacer\"><div class=\"quform-label quform-label-1_16\"><label class=\"quform-label-text\" for=\"quform_1_16_266e3d\">Your Message, Your Notes<span class=\"quform-required\">*<\/span><\/label><\/div><div class=\"quform-inner quform-inner-textarea quform-inner-1_16\"><div class=\"quform-input quform-input-textarea quform-input-1_16 quform-cf\"><textarea id=\"quform_1_16_266e3d\" name=\"quform_1_16\" class=\"quform-field quform-field-textarea quform-field-1_16\"><\/textarea><\/div><\/div><\/div><\/div><\/div><\/div><div class=\"quform-element quform-element-captcha quform-element-1_18 quform-cf quform-labels-inside quform-element-required\"><div class=\"quform-spacer\"><div class=\"quform-label quform-label-1_18\"><label class=\"quform-label-text\" for=\"quform_1_18_266e3d\">Please type the characters<span class=\"quform-required\">*<\/span><\/label><\/div><div class=\"quform-inner quform-inner-captcha quform-inner-1_18\"><div class=\"quform-input quform-input-captcha quform-input-1_18 quform-cf\"><input type=\"text\" id=\"quform_1_18_266e3d\" name=\"quform_1_18\" class=\"quform-field quform-field-captcha quform-field-1_18\" \/><\/div><div class=\"quform-captcha quform-cf\"><div class=\"quform-captcha-image quform-captcha-image-1_18\"><img decoding=\"async\" src=\"data:image\/png;base64,iVBORw0KGgoAAAANSUhEUgAAAOYAAABQBAMAAAD\/1xTgAAAAG1BMVEX\/\/\/8iIiLj4+PHx8esrKyQkJBZWVk9PT10dHSsK+AtAAAACXBIWXMAAA7EAAAOxAGVKw4bAAADHUlEQVRoge1XS1MaQRBeZ1n0mI7CclzEhCuomKsbysrVzcN4ZJIUcnSSUq5iAvnb6XmwOz27lUVjmct8VVBUV09\/\/Z4hCDw8PDw8PDw8PDw8PP4zTsS356YMAeDLM3NuI2fnKQxF0+X7TfTYxRzgGNpPwTlE56soft9RQYZ6cAatWoO9s3GdirSVlMV9x\/qOpITW1V1ZleIE1W4q5Oz48ipO1sYr4xROFlNoJSeVmhSR8u07Fe4nIVfytccjiMtHMSwq5XAaBAv59XdkEC+57W\/vbCWg0wTC2ajqi9TlVCGmcF5D2QB0i4nCNx039NV3p5CWOfGUk0exGee2bAPG84CCLc2JvkB8mKtF0GmsZnReMBWCcqq08trcDuFanc455UxD\/FMmwCryDrSFu2CwYxakm9kC9mQP2bIqZDITGFuej8Z8BjLffXJWTwHAwGIAmFBOXY\/66eTSTJP69kae47BniUxL2aE3IU4WthOYWoW6cmpOtrq3ZbI5lla6A5Xx1v6BsDdpBrv4sTlF3LsQ7folyckpg9eqpgnlHCh5LmQyoIz0C48rbFXATHDiSgGjsLClImRW4ppyejKSSJxXmM8+1HKmMAlki5wSqWyZiS3oahcWhTSTtU3h\/qiIzYx2xwmgBG2sS4oXyJTT9hvCC+3htRHg1fx2tJLzU7RawzTajxrOCLAIoXDiDO29p8kmlHPdyDYnDuxh0PtctZrdiNqX3FVTk2Zvu8zl7BrGeFpUVOgOq19E2mHnBcNhNyPDaAqZ5fWMprPlx\/HQrnpoJql+4QbvyvcnFuY8ItNiOLlT924e98M4g4NP7juhK\/OaynHZNxIOL5VVZ5q3dGsZaCdxo2w2phRCMsg+yo\/rDdR3696FPWtWFnCjeugxTzCczvEgnNuXNv76GrwCsoODSM1KwdAvL+VNcYxbiNOHAlsPxsRWVK88i5Pxze6VMoy3mtM0F4NY209sTaz4fDq1rgd2IWD+i+hsBu19HIrb5Xh9nMFu6q4JlB49wnwllPFb50YaDdgK4vvqE\/8O\/J+Qx+fh4eHh4eHh4eHxQPwB+H+Fx6TP8ZgAAAAASUVORK5CYII=\" alt=\"CAPTCHA image\" data-element-id=\"18\" width=\"115\" height=\"40\" \/><\/div><\/div><p class=\"quform-description quform-description-below\">This helps us avoid spam, thanks.<\/p><\/div><\/div><\/div><div class=\"quform-element quform-element-submit quform-element-1_2 quform-cf quform-button-style-blue-3d\"><div class=\"quform-button-submit quform-button-submit-default quform-button-submit-1_2\"><button name=\"quform_submit\" type=\"submit\" class=\"quform-submit\" value=\"submit\"><span class=\"quform-button-text quform-button-submit-text\">Submit Form<\/span><\/button><\/div><div class=\"quform-loading quform-loading-position-left quform-loading-type-spinner-1\"><div class=\"quform-loading-inner\"><div class=\"quform-loading-spinner\"><div class=\"quform-loading-spinner-inner\"><\/div><\/div><\/div><\/div><\/div><div class=\"quform-element-tree\"><label for=\"quform_1_0_266e3d\">This field should be left blank<\/label><input type=\"text\" id=\"quform_1_0_266e3d\" name=\"quform_1_0\" class=\"quform-field quform-field-tree quform-field-1_0\" tabindex=\"-1\" autocomplete=\"off\" \/><\/div><\/div><\/div><\/div><div class=\"quform-upload-progress-wrap\"><div class=\"quform-upload-progress-bar-wrap\"><div class=\"quform-upload-progress-bar\"><\/div><\/div><div class=\"quform-upload-info quform-cf\"><div class=\"quform-upload-filename\"><\/div><\/div><\/div><\/div><\/form><\/div><\/div>\n\t\t\t\t\t\t<\/div>\n\t\t\t\t<\/div>\n\t\t\t\t\t<\/div>\n\t\t<\/div>\n\t\t\t\t\t<\/div>\n\t\t<\/section>\n\t\t\t\t<\/div>\n\t\t","protected":false},"excerpt":{"rendered":"<p>Contact us Our address:: Suadiye, Emin Ali Pa\u015fa Cd. no:27, 34740 Kad\u0131k\u00f6y\/\u0130stanbul Telephone: +90532 449 99 84 E-posta: info@klinikartibir.com Download presentation &#038; price list Contact us<\/p>\n","protected":false},"author":1,"featured_media":0,"parent":0,"menu_order":0,"comment_status":"closed","ping_status":"closed","template":"","meta":{"_joinchat":[],"footnotes":""},"class_list":["post-102","page","type-page","status-publish","hentry"],"_links":{"self":[{"href":"https:\/\/www.klinikartibir.com\/en\/wp-json\/wp\/v2\/pages\/102","targetHints":{"allow":["GET"]}}],"collection":[{"href":"https:\/\/www.klinikartibir.com\/en\/wp-json\/wp\/v2\/pages"}],"about":[{"href":"https:\/\/www.klinikartibir.com\/en\/wp-json\/wp\/v2\/types\/page"}],"author":[{"embeddable":true,"href":"https:\/\/www.klinikartibir.com\/en\/wp-json\/wp\/v2\/users\/1"}],"replies":[{"embeddable":true,"href":"https:\/\/www.klinikartibir.com\/en\/wp-json\/wp\/v2\/comments?post=102"}],"version-history":[{"count":10,"href":"https:\/\/www.klinikartibir.com\/en\/wp-json\/wp\/v2\/pages\/102\/revisions"}],"predecessor-version":[{"id":3933,"href":"https:\/\/www.klinikartibir.com\/en\/wp-json\/wp\/v2\/pages\/102\/revisions\/3933"}],"wp:attachment":[{"href":"https:\/\/www.klinikartibir.com\/en\/wp-json\/wp\/v2\/media?parent=102"}],"curies":[{"name":"wp","href":"https:\/\/api.w.org\/{rel}","templated":true}]}}